{"id":947,"date":"2023-09-08T11:18:50","date_gmt":"2023-09-08T11:18:50","guid":{"rendered":"https:\/\/marquesa.golfenred.com\/?page_id=947"},"modified":"2023-09-08T11:19:14","modified_gmt":"2023-09-08T11:19:14","slug":"cookies-policy","status":"publish","type":"page","link":"https:\/\/www.lamarquesagolf.es\/en\/cookies-policy\/","title":{"rendered":"Cookies Policy"},"content":{"rendered":"\n<ol class=\"wp-block-list\">\n<li><strong>\u00bfQU\u00c9 SON LAS COOKIES?<\/strong><\/li>\n<\/ol>\n\n\n\n<p><strong>LA MARQUESA GOLF S.L.<\/strong> es responsable de la p\u00e1gina web https:\/\/lamarquesagolf.es, y utiliza cookies y\/u otros archivos de funcionalidad similar (en adelante \u201cCookies\u201d).<\/p>\n\n\n\n<p>Una cookie es un archivo de texto que un sitio web, aplicaci\u00f3n u otra plataforma guarda en tu dispositivo, como tu computadora, tableta o tel\u00e9fono inteligente. Contiene informaci\u00f3n sobre tu navegaci\u00f3n o uso, como una etiqueta que identifica tu dispositivo. Las cookies son necesarias para facilitar la navegaci\u00f3n y comprender c\u00f3mo interact\u00faan los usuarios con las webs, lo que permite realizar mejoras. Tambi\u00e9n son \u00fatiles para personalizar la publicidad seg\u00fan tus preferencias y para otras finalidades detalladas m\u00e1s adelante. Las cookies no da\u00f1an tu dispositivo.<\/p>\n\n\n\n<ol class=\"wp-block-list\" start=\"2\">\n<li><strong>TIPOLOG\u00cdA DE COOKIES <\/strong><\/li>\n<\/ol>\n\n\n\n<p>Por favor, revisa esta secci\u00f3n que brinda una descripci\u00f3n general de los diferentes tipos de cookies que se pueden utilizar en un entorno en l\u00ednea.<\/p>\n\n\n\n<p>Seg\u00fan el propietario de las cookies, se pueden clasificar en:<\/p>\n\n\n\n<ol class=\"wp-block-list\">\n<li>Cookies propias: Estas cookies se env\u00edan al ordenador o dispositivo del usuario desde el equipo o dominio gestionado por el propio editor, que proporciona la web o servicio solicitado por el usuario.<\/li>\n\n\n\n<li>Cookies de terceros: Estas cookies se env\u00edan al ordenador o dispositivo del usuario desde un equipo o dominio que no es gestionado por el editor, sino por otra entidad que procesa los datos obtenidos a trav\u00e9s de las cookies.<\/li>\n<\/ol>\n\n\n\n<p>En funci\u00f3n de la finalidad de la Cookie, pueden clasificarse en:<\/p>\n\n\n\n<ul class=\"wp-block-list\">\n<li>Las <strong><u>cookies estrictamente necesarias (t\u00e9cnicas)<\/u><\/strong> son aquellas que permiten al usuario navegar por una p\u00e1gina web, plataforma o aplicaci\u00f3n y utilizar las diferentes opciones o servicios que se ofrecen en ellas. Estas cookies desempe\u00f1an funciones esenciales, como controlar el tr\u00e1fico, identificar datos o sesiones, acceder a secciones restringidas, recordar elementos de un pedido, gestionar pagos, garantizar la seguridad del servicio, permitir la participaci\u00f3n en eventos, almacenar contenidos multimedia y compartir contenido en redes sociales. Estas cookies t\u00e9cnicas se descargan autom\u00e1ticamente cuando se muestra la web o se brinda el servicio solicitado por el usuario.<\/li>\n\n\n\n<li>Las <strong><u>cookies de funcionalidad o personalizaci\u00f3n<\/u><\/strong> son aquellas que permiten recordar informaci\u00f3n para proporcionar al usuario un servicio o plataforma con caracter\u00edsticas espec\u00edficas que diferencian su experiencia de la de otros usuarios. Estas caracter\u00edsticas pueden incluir el idioma, el n\u00famero de resultados mostrados en una b\u00fasqueda, el aspecto o contenido del servicio en funci\u00f3n del navegador utilizado o la regi\u00f3n desde la que se accede al servicio, entre otros. No aceptar estas cookies puede resultar en un rendimiento lento de la p\u00e1gina web o recomendaciones inadecuadas.<\/li>\n\n\n\n<li>Las <strong><u>cookies de an\u00e1lisis<\/u><\/strong> se emplean para recopilar informaci\u00f3n sobre el n\u00famero de usuarios, las secciones visitadas en la web y su interacci\u00f3n con la misma. Estos datos se utilizan para realizar un an\u00e1lisis estad\u00edstico de la utilizaci\u00f3n que hacen los usuarios del servicio, con el objetivo de identificar \u00e1reas de mejora basadas en los patrones de uso.<\/li>\n\n\n\n<li>Las <strong><u>cookies de publicidad comportamental<\/u><\/strong> registran y almacenan informaci\u00f3n sobre los h\u00e1bitos de navegaci\u00f3n de los usuarios, lo que facilita la creaci\u00f3n de perfiles espec\u00edficos para mostrar anuncios personalizados. Estas cookies permiten una gesti\u00f3n eficiente de los espacios publicitarios que el editor ha incluido, ya sea de forma directa o en colaboraci\u00f3n con terceros.<\/li>\n<\/ul>\n\n\n\n<ol class=\"wp-block-list\" start=\"3\">\n<li><strong>FINALIDAD DE LAS COOKIES EN NUESTRA WEB<\/strong><\/li>\n<\/ol>\n\n\n\n<p>Las cookies desempe\u00f1an un papel fundamental en el funcionamiento de nuestra web. Su objetivo principal es permitir una navegaci\u00f3n m\u00e1s c\u00f3moda y eficiente. Por ejemplo, se utilizan para recordar tus preferencias durante la navegaci\u00f3n y en futuras visitas.<\/p>\n\n\n\n<p>Tambi\u00e9n nos ayudan a personalizar la publicidad en funci\u00f3n de tus h\u00e1bitos de navegaci\u00f3n. La informaci\u00f3n recopilada a trav\u00e9s de las cookies nos permite realizar estimaciones estad\u00edsticas y an\u00e1lisis de uso, como el n\u00famero de visitas y las secciones m\u00e1s consultadas. Esto nos permite mejorar nuestros servicios y adaptar la plataforma a tus intereses individuales.<\/p>\n\n\n\n<p>En algunas ocasiones, utilizamos cookies para recopilar informaci\u00f3n que nos permite mostrar publicidad basada en tus h\u00e1bitos de navegaci\u00f3n en nuestra plataforma y otras plataformas de terceros.<\/p>\n\n\n\n<p>A continuaci\u00f3n, se detallan tanto los terceros que pueden configurar y acceder a Cookies de su equipo, como las finalidades con las que se utiliza la informaci\u00f3n que almacenan:<\/p>\n\n\n\n<p><span class=\"s1\">[cookie_audit columns=&#8221;cookie,description&#8221; heading=&#8221;Esta lista contiene las cookies que se usan en la web:&#8221;]<\/span><\/p>\n\n\n\n<p><\/p>\n\n\n\n<ol class=\"wp-block-list\" start=\"4\">\n<li><strong>GESTI\u00d3N COOKIES EN NUESTRA WEB<\/strong><\/li>\n<\/ol>\n\n\n\n<p>En el panel de configuraci\u00f3n de cookies, al que puedes acceder en cualquier momento en nuestra plataforma, encontrar\u00e1s informaci\u00f3n detallada sobre las cookies que utilizamos. En \u00e9l, se especifica su prop\u00f3sito, duraci\u00f3n y qui\u00e9n las gestiona (nosotros o terceros). Este panel te permite gestionar la activaci\u00f3n y desactivaci\u00f3n de aquellas cookies que no son estrictamente necesarias para el funcionamiento de la plataforma, adem\u00e1s de cambiar tu consentimiento en cualquier momento.<\/p>\n\n\n\n<p>Puedes acceder a la configuraci\u00f3n pulsando <strong>[cookie_settings]<\/strong>, para cambiar tus preferencias o retirar su consentimiento.<\/p>\n\n\n\n<p>Por otro lado, tambi\u00e9n tienes la opci\u00f3n de desactivar el uso de cookies en tu navegador mientras navegas por Internet. A continuaci\u00f3n, te mostramos c\u00f3mo realizar esta configuraci\u00f3n en los navegadores m\u00e1s comunes:<\/p>\n\n\n\n<ul class=\"wp-block-list\">\n<li><a href=\"https:\/\/support.google.com\/chrome\/answer\/95647?co=GENIE.Platform=Desktop&amp;&amp;hl=es\"><strong>Google Chrome<\/strong><\/a><\/li>\n\n\n\n<li><a href=\"https:\/\/support.mozilla.org\/es\/kb\/impedir-que-los-sitios-web-guarden-sus-preferencia\"><strong>Mozilla Firefox<\/strong><\/a><\/li>\n\n\n\n<li><a href=\"https:\/\/support.microsoft.com\/es-es\/help\/17442\/windows-internet-explorer-delete-manage-cookies\"><strong>Internet Explorer<\/strong><\/a><\/li>\n\n\n\n<li><a href=\"https:\/\/privacy.microsoft.com\/es-ES\/windows-10-microsoft-edge-and-privacy\"><strong>Microsoft Edge<\/strong><\/a><\/li>\n\n\n\n<li><a href=\"https:\/\/support.apple.com\/es-es\/HT201265\"><strong>Safari<\/strong><\/a><\/li>\n\n\n\n<li><a href=\"http:\/\/help.opera.com\/Linux\/10.60\/es-ES\/cookies.html\"><strong>Opera<\/strong><\/a><\/li>\n<\/ul>\n\n\n\n<p>Puedes ejercer esta opci\u00f3n de evitar el uso de Cookies en cualquier momento. Ten en cuenta que la gesti\u00f3n del panel de configuraci\u00f3n de Cookies y la opci\u00f3n de rechazarlas son espec\u00edficas para cada navegador que utilices.<\/p>\n\n\n\n<p>Por lo tanto, si configuras las Cookies de una determinada manera en un dispositivo y deseas que esa opci\u00f3n se aplique de manera similar en otro dispositivo, deber\u00e1s activar la misma opci\u00f3n en ese otro dispositivo.<\/p>\n\n\n\n<p>El usuario debe tener en cuenta que algunas caracter\u00edsticas de los contenidos de nuestra p\u00e1gina web solo est\u00e1n disponibles si se permite la instalaci\u00f3n de Cookies en su navegador. Si decide no aceptar o bloquear determinadas Cookies (en funci\u00f3n de su finalidad), puede que esto afecte, total o parcialmente, al funcionamiento normal de la P\u00e1gina Web o que impida el acceso a algunos servicios de la misma.<\/p>\n\n\n\n<ol class=\"wp-block-list\" start=\"5\">\n<li><strong>USO DE LA INFORMACI\u00d3N ALMACENADA EN LAS COOKIES<\/strong><\/li>\n<\/ol>\n\n\n\n<p>La informaci\u00f3n almacenada en las Cookies de nuestra web es utilizada \u00fanicamente por nosotros. Sin embargo, algunas Cookies de terceros, gestionadas por entidades externas, pueden ser utilizadas para brindarnos servicios adicionales. Para m\u00e1s detalles, consulta nuestro panel de configuraci\u00f3n de Cookies, accesible en todo momento en nuestra web.<\/p>\n\n\n\n<p>Te sugerimos que revises nuestra Pol\u00edtica de Privacidad en nuestra web para obtener informaci\u00f3n detallada sobre c\u00f3mo se tratan tus datos personales en nuestra colaboraci\u00f3n con terceros, as\u00ed como en las transferencias internacionales de datos. Adem\u00e1s, te recomendamos que consultes las pol\u00edticas de privacidad y las configuraciones de privacidad de estos colaboradores externos a trav\u00e9s de sus propias plataformas.<\/p>\n\n\n\n<ol class=\"wp-block-list\" start=\"6\">\n<li><strong>ACTUALIZACIONES Y CAMBIOS EN LA POL\u00cdTICA DE COOKIES<\/strong><\/li>\n<\/ol>\n\n\n\n<p>LA MARQUESA GOLF S.L. puede modificar esta Pol\u00edtica de Cookies en funci\u00f3n de nuevas exigencias legislativas, reglamentarias, o con la finalidad de adaptar dicha pol\u00edtica a las instrucciones dictadas por la Agencia Espa\u00f1ola de Protecci\u00f3n de Datos.<\/p>\n\n\n\n<p>Si desea m\u00e1s informaci\u00f3n sobre qu\u00e9 uso hacemos de las Cookies, puede enviarnos un e-mail a: <a href=\"mailto:reservas@lamarquesagolf.es\">reservas@lamarquesagolf.es<\/a><\/p>\n","protected":false},"excerpt":{"rendered":"<p>LA MARQUESA GOLF S.L. es responsable de la p\u00e1gina web https:\/\/lamarquesagolf.es, y utiliza cookies y\/u otros archivos de funcionalidad similar (en adelante \u201cCookies\u201d). Una cookie es un archivo de texto que un sitio web, aplicaci\u00f3n u otra plataforma guarda en tu dispositivo, como tu computadora, tableta o tel\u00e9fono inteligente. Contiene informaci\u00f3n sobre tu navegaci\u00f3n o [&#8230;]\n","protected":false},"author":1,"featured_media":0,"parent":0,"menu_order":0,"comment_status":"closed","ping_status":"closed","template":"","meta":{"footnotes":""},"class_list":["post-947","page","type-page","status-publish","hentry"],"yoast_head":"<!-- This site is optimized with the Yoast SEO plugin v26.5 - https:\/\/yoast.com\/wordpress\/plugins\/seo\/ -->\n<title>Cookies Policy - La Marquesa Golf<\/title>\n<meta name=\"robots\" content=\"index, follow, max-snippet:-1, max-image-preview:large, max-video-preview:-1\" \/>\n<link rel=\"canonical\" href=\"https:\/\/www.lamarquesagolf.es\/en\/cookies-policy\/\" \/>\n<meta property=\"og:locale\" content=\"en_US\" \/>\n<meta property=\"og:type\" content=\"article\" \/>\n<meta property=\"og:title\" content=\"Cookies Policy - La Marquesa Golf\" \/>\n<meta property=\"og:description\" content=\"LA MARQUESA GOLF S.L. es responsable de la p\u00e1gina web https:\/\/lamarquesagolf.es, y utiliza cookies y\/u otros archivos de funcionalidad similar (en adelante \u201cCookies\u201d). Una cookie es un archivo de texto que un sitio web, aplicaci\u00f3n u otra plataforma guarda en tu dispositivo, como tu computadora, tableta o tel\u00e9fono inteligente. Contiene informaci\u00f3n sobre tu navegaci\u00f3n o [...]\" \/>\n<meta property=\"og:url\" content=\"https:\/\/www.lamarquesagolf.es\/en\/cookies-policy\/\" \/>\n<meta property=\"og:site_name\" content=\"La Marquesa Golf\" \/>\n<meta property=\"article:modified_time\" content=\"2023-09-08T11:19:14+00:00\" \/>\n<meta name=\"twitter:card\" content=\"summary_large_image\" \/>\n<meta name=\"twitter:label1\" content=\"Est. reading time\" \/>\n\t<meta name=\"twitter:data1\" content=\"6 minutes\" \/>\n<script type=\"application\/ld+json\" class=\"yoast-schema-graph\">{\"@context\":\"https:\/\/schema.org\",\"@graph\":[{\"@type\":\"WebPage\",\"@id\":\"https:\/\/www.lamarquesagolf.es\/en\/cookies-policy\/\",\"url\":\"https:\/\/www.lamarquesagolf.es\/en\/cookies-policy\/\",\"name\":\"Cookies Policy - La Marquesa Golf\",\"isPartOf\":{\"@id\":\"https:\/\/www.lamarquesagolf.es\/en\/#website\"},\"datePublished\":\"2023-09-08T11:18:50+00:00\",\"dateModified\":\"2023-09-08T11:19:14+00:00\",\"breadcrumb\":{\"@id\":\"https:\/\/www.lamarquesagolf.es\/en\/cookies-policy\/#breadcrumb\"},\"inLanguage\":\"en-US\",\"potentialAction\":[{\"@type\":\"ReadAction\",\"target\":[\"https:\/\/www.lamarquesagolf.es\/en\/cookies-policy\/\"]}]},{\"@type\":\"BreadcrumbList\",\"@id\":\"https:\/\/www.lamarquesagolf.es\/en\/cookies-policy\/#breadcrumb\",\"itemListElement\":[{\"@type\":\"ListItem\",\"position\":1,\"name\":\"Home\",\"item\":\"https:\/\/www.lamarquesagolf.es\/en\/\"},{\"@type\":\"ListItem\",\"position\":2,\"name\":\"Cookies Policy\"}]},{\"@type\":\"WebSite\",\"@id\":\"https:\/\/www.lamarquesagolf.es\/en\/#website\",\"url\":\"https:\/\/www.lamarquesagolf.es\/en\/\",\"name\":\"La Marquesa Golf\",\"description\":\"\",\"potentialAction\":[{\"@type\":\"SearchAction\",\"target\":{\"@type\":\"EntryPoint\",\"urlTemplate\":\"https:\/\/www.lamarquesagolf.es\/en\/?s={search_term_string}\"},\"query-input\":{\"@type\":\"PropertyValueSpecification\",\"valueRequired\":true,\"valueName\":\"search_term_string\"}}],\"inLanguage\":\"en-US\"}]}<\/script>\n<!-- \/ Yoast SEO plugin. -->","yoast_head_json":{"title":"Cookies Policy - La Marquesa Golf","robots":{"index":"index","follow":"follow","max-snippet":"max-snippet:-1","max-image-preview":"max-image-preview:large","max-video-preview":"max-video-preview:-1"},"canonical":"https:\/\/www.lamarquesagolf.es\/en\/cookies-policy\/","og_locale":"en_US","og_type":"article","og_title":"Cookies Policy - La Marquesa Golf","og_description":"LA MARQUESA GOLF S.L. es responsable de la p\u00e1gina web https:\/\/lamarquesagolf.es, y utiliza cookies y\/u otros archivos de funcionalidad similar (en adelante \u201cCookies\u201d). Una cookie es un archivo de texto que un sitio web, aplicaci\u00f3n u otra plataforma guarda en tu dispositivo, como tu computadora, tableta o tel\u00e9fono inteligente. Contiene informaci\u00f3n sobre tu navegaci\u00f3n o [...]","og_url":"https:\/\/www.lamarquesagolf.es\/en\/cookies-policy\/","og_site_name":"La Marquesa Golf","article_modified_time":"2023-09-08T11:19:14+00:00","twitter_card":"summary_large_image","twitter_misc":{"Est. reading time":"6 minutes"},"schema":{"@context":"https:\/\/schema.org","@graph":[{"@type":"WebPage","@id":"https:\/\/www.lamarquesagolf.es\/en\/cookies-policy\/","url":"https:\/\/www.lamarquesagolf.es\/en\/cookies-policy\/","name":"Cookies Policy - La Marquesa Golf","isPartOf":{"@id":"https:\/\/www.lamarquesagolf.es\/en\/#website"},"datePublished":"2023-09-08T11:18:50+00:00","dateModified":"2023-09-08T11:19:14+00:00","breadcrumb":{"@id":"https:\/\/www.lamarquesagolf.es\/en\/cookies-policy\/#breadcrumb"},"inLanguage":"en-US","potentialAction":[{"@type":"ReadAction","target":["https:\/\/www.lamarquesagolf.es\/en\/cookies-policy\/"]}]},{"@type":"BreadcrumbList","@id":"https:\/\/www.lamarquesagolf.es\/en\/cookies-policy\/#breadcrumb","itemListElement":[{"@type":"ListItem","position":1,"name":"Home","item":"https:\/\/www.lamarquesagolf.es\/en\/"},{"@type":"ListItem","position":2,"name":"Cookies Policy"}]},{"@type":"WebSite","@id":"https:\/\/www.lamarquesagolf.es\/en\/#website","url":"https:\/\/www.lamarquesagolf.es\/en\/","name":"La Marquesa Golf","description":"","potentialAction":[{"@type":"SearchAction","target":{"@type":"EntryPoint","urlTemplate":"https:\/\/www.lamarquesagolf.es\/en\/?s={search_term_string}"},"query-input":{"@type":"PropertyValueSpecification","valueRequired":true,"valueName":"search_term_string"}}],"inLanguage":"en-US"}]}},"_links":{"self":[{"href":"https:\/\/www.lamarquesagolf.es\/en\/wp-json\/wp\/v2\/pages\/947","targetHints":{"allow":["GET"]}}],"collection":[{"href":"https:\/\/www.lamarquesagolf.es\/en\/wp-json\/wp\/v2\/pages"}],"about":[{"href":"https:\/\/www.lamarquesagolf.es\/en\/wp-json\/wp\/v2\/types\/page"}],"author":[{"embeddable":true,"href":"https:\/\/www.lamarquesagolf.es\/en\/wp-json\/wp\/v2\/users\/1"}],"replies":[{"embeddable":true,"href":"https:\/\/www.lamarquesagolf.es\/en\/wp-json\/wp\/v2\/comments?post=947"}],"version-history":[{"count":1,"href":"https:\/\/www.lamarquesagolf.es\/en\/wp-json\/wp\/v2\/pages\/947\/revisions"}],"predecessor-version":[{"id":948,"href":"https:\/\/www.lamarquesagolf.es\/en\/wp-json\/wp\/v2\/pages\/947\/revisions\/948"}],"wp:attachment":[{"href":"https:\/\/www.lamarquesagolf.es\/en\/wp-json\/wp\/v2\/media?parent=947"}],"curies":[{"name":"wp","href":"https:\/\/api.w.org\/{rel}","templated":true}]}}