{"id":3,"date":"2022-12-15T15:26:35","date_gmt":"2022-12-15T15:26:35","guid":{"rendered":"http:\/\/marquesa.golfenred.com\/?page_id=3"},"modified":"2023-09-08T11:21:47","modified_gmt":"2023-09-08T11:21:47","slug":"politica-privacidad","status":"publish","type":"page","link":"https:\/\/www.lamarquesagolf.es\/en\/politica-privacidad\/","title":{"rendered":"Privacy Policy"},"content":{"rendered":"\n<p>En cumplimiento de lo establecido en el art\u00edculo 10 de la Ley 34\/2002, de 11 de julio, de Servicios de la Sociedad de la Informaci\u00f3n y de Comercio Electr\u00f3nico (en adelante, LSSI-CE), LA MARQUESA GOLF S.L. informa de los siguientes datos del titular del servicio:&nbsp;<\/p>\n\n\n\n<ul class=\"wp-block-list\">\n<li>DENOMINACI\u00d3N SOCIAL: LA MARQUESA GOLF S.L.&nbsp;(En adelante LA MARQUESA)<\/li>\n\n\n\n<li>CIF: B03774338<\/li>\n\n\n\n<li>ACTIVIDAD: Campo de Golf<\/li>\n\n\n\n<li>DIRECCION: Avda Justo Quesada SN, Rojales (Alicante)<\/li>\n\n\n\n<li>TEL: 966 714 258<\/li>\n\n\n\n<li>E-MAIL:&nbsp;<a href=\"mailto:reservas@lamarquesagolf.es\">reservas@lamarquesagolf.es<\/a><\/li>\n\n\n\n<li>WEB: www.lamarquesagolf.es<\/li>\n\n\n\n<li>DATOS DE INSCRIPCION EN EL REGISTRO MERCANTIL:<\/li>\n\n\n\n<li>&nbsp;<\/li>\n<\/ul>\n\n\n\n<p><strong>AVISO DE CONFIDENCIALIDAD<\/strong>: Por favor tome nota que toda la informaci\u00f3n y todos los datos son recogidos autom\u00e1ticamente a trav\u00e9s del uso de \u201ccookies\u201d. Los cookies pueden usarse para que los visitantes naveguen con m\u00e1s facilidad en la web y para simplificar los procedimientos. Los cookies son archivos de texto localizados en su disco duro por un servidor de la p\u00e1gina web. Estos generalmente est\u00e1n ajustados para aceptar cookies autom\u00e1ticamente pero casi siempre pueden cambiarse para rechazarlas. Si no se siente c\u00f3modo con los cookies, le sugerimos que modifique el ajuste de su buscador de la red. Tenga en cuenta que quiz\u00e1 no pueda usar todas las caracter\u00edsticas de la web de La Marquesa Golf S.L. sin el uso de los cookies.<\/p>\n\n\n\n<p>INFORMACI\u00d3N EN CUMPLIMIENTO DE LA NUEVA NORMATIVA DE PROTECCI\u00d3N DE DATOS PERSONALES<\/p>\n\n\n\n<p>El nuevo Reglamento General de Protecci\u00f3n de Datos (RGPD) es de aplicaci\u00f3n en toda la Uni\u00f3n Europea. El RGPD est\u00e1 dise\u00f1ado para unificar las leyes de privacidad de toda Europa, y perfecciona las reglas de transparencia sobre la forma en que las empresas describen su tratamiento de datos personales. Por este motivo, hemos hecho algunas actualizaciones necesarias en nuestra Pol\u00edtica de datos y le invitamos a que lea detenidamente la siguiente informaci\u00f3n para conocer exactamente qu\u00e9 haremos con sus datos personales.<\/p>\n\n\n\n<p><strong>\u00bfQu\u00e9 tipo de informaci\u00f3n recopilamos?<\/strong><\/p>\n\n\n\n<p>Recopilamos informaci\u00f3n de:<\/p>\n\n\n\n<ul class=\"wp-block-list\">\n<li>Datos de nuestros socios y\/o clientes<\/li>\n\n\n\n<li>Personas que hayan disfrutado de nuestros servicios de golf.<\/li>\n\n\n\n<li>Socios del programa de membres\u00edas<\/li>\n\n\n\n<li>Visitantes de nuestros sitios web mediante la v\u00eda Newsletter<\/li>\n<\/ul>\n\n\n\n<p>Esta recopilaci\u00f3n la realizamos con el objeto de poder ofrecerle el mejor servicio. Para cumplir con los motivos antes mencionados, recopilamos datos o informaci\u00f3n personal relacionada con usted, que puede identificarlo directa o indirectamente. Esos datos pueden incluir su nombre y apellidos, su direcci\u00f3n personal y profesional as\u00ed como direcciones de correo electr\u00f3nico, n\u00fameros de tel\u00e9fono y de fax, informaci\u00f3n de la tarjeta de cr\u00e9dito, fecha de nacimiento, sexo e informaci\u00f3n relacionada con su estilo de vida, como por ejemplo preferencias de habitaciones, actividades recreativas, nombres y edades de hijos y cualquier otra informaci\u00f3n necesaria que sea \u00fatil para satisfacer pedidos especiales (por ej., ciertas condiciones de salud que requieran el alojamiento en una habitaci\u00f3n especial).<\/p>\n\n\n\n<p><strong>\u00bfC\u00f3mo utilizamos esta informaci\u00f3n?<\/strong><\/p>\n\n\n\n<p>Podremos recopilar sus datos personales con los siguientes motivos:<\/p>\n\n\n\n<ul class=\"wp-block-list\">\n<li>completar solicitudes de reservas o de informaci\u00f3n;<\/li>\n\n\n\n<li>responder a nuestras comunicaciones (por ejemplo, encuestas, ofertas promocionales o confirmaciones de reservas);<\/li>\n\n\n\n<li>adaptarnos a sus preferencias personales;<\/li>\n\n\n\n<li>cumplir con solicitudes de servicios o recomendaciones que le ofrecemos;<\/li>\n\n\n\n<li>enviarle mensajes y comunicaciones comerciales relativas a los productos y servicios que ofrece La Marquesa Golf S.L.<\/li>\n<\/ul>\n\n\n\n<p><strong>\u00bfDurante cu\u00e1nto tiempo guardamos sus datos personales?<\/strong><\/p>\n\n\n\n<p>Guardaremos sus datos personales mientras contin\u00fae su relaci\u00f3n con nosotros (por ejemplo, si lee o hace clic en un mensaje de correo electr\u00f3nico que le enviamos, se aloja en nuestros hoteles o asiste a un evento que organizamos) y mientras nos obliguen las leyes. Recuerde que en cualquier momento, con solo hacer clic en el enlace que se incluye en las comunicaciones, puede solicitar que le dejemos de enviar informaci\u00f3n o&nbsp; comunicarse con nosotros para que cancelemos sus datos.<\/p>\n\n\n\n<p><strong>\u00bfCon qu\u00e9 base jur\u00eddica utilizamos sus datos personales?<\/strong><\/p>\n\n\n\n<ol class=\"wp-block-list\">\n<li>Es necesario que tratemos sus datos para la ejecuci\u00f3n del servicio que nos est\u00e1&nbsp;solicitando.<\/li>\n\n\n\n<li>En determinadas circunstancias, procesamos sus datos personales despu\u00e9s de obtener su consentimiento expreso para el env\u00edo de publicidad, promoci\u00f3n de actividades, informaci\u00f3n de promociones.<\/li>\n\n\n\n<li>En la mayor\u00eda de los casos, nuestro inter\u00e9s leg\u00edtimo es recopilar y utilizar los datos personales mencionados anteriormente para:<\/li>\n<\/ol>\n\n\n\n<ul class=\"wp-block-list\">\n<li>prestarle un servicio que sea lo m\u00e1s \u00fatil, agradable y beneficioso posible para usted,&nbsp;asegur\u00e1ndonos de informarle sobre todas las ofertas relacionadas espec\u00edficamente con La Marquesa Golf S.L., personaliz\u00e1ndolas de acuerdo a sus preferencias concretas y poni\u00e9ndonos en contacto con usted a trav\u00e9s de su m\u00e9todo preferido de comunicaci\u00f3n;<\/li>\n\n\n\n<li>conocer mejor a nuestra base de clientes para mejorar nuestros servicios y actividades de marketing.<\/li>\n<\/ul>\n\n\n\n<p><strong>Derechos sobre sus datos personales&nbsp;<\/strong><\/p>\n\n\n\n<p>En cualquier momento puede dirigirse a nosotros para saber qu\u00e9 informaci\u00f3n tenemos sobre usted, rectificarla si fuese incorrecta y eliminarla una vez finalizada nuestra relaci\u00f3n, en el caso de que ello sea legalmente posible. Los derechos que usted tiene sobre sus datos personales son los siguientes:&nbsp;<\/p>\n\n\n\n<p>A SER INFORMADO<br>Tiene derecho a recibir informaci\u00f3n clara, transparente y f\u00e1cilmente comprensible sobre c\u00f3mo utilizamos sus datos personales y sus derechos. Por ese motivo, le proporcionamos la informaci\u00f3n en este Aviso.<\/p>\n\n\n\n<p>ACCESO<br>Tiene derecho a obtener acceso a sus datos personales (si los estamos procesando) y alguna otra informaci\u00f3n (similar a la proporcionada en este Aviso Legal). De este modo, sabe y puede verificar que estamos utilizando sus datos personales de acuerdo con el reglamento de protecci\u00f3n de datos.<\/p>\n\n\n\n<p>RECTIFICACI\u00d3N<br>Tiene derecho a que se corrijan sus datos personales si son inexactos o incompletos.&nbsp;<\/p>\n\n\n\n<p>SUPRESI\u00d3N<br>Tambi\u00e9n se conoce como \u00abel derecho a ser olvidado\u00bb y, en t\u00e9rminos sencillos, le permite solicitar la supresi\u00f3n o eliminaci\u00f3n de sus datos personales cuando no haya una raz\u00f3n de peso para que sigamos utiliz\u00e1ndolos. No se trata de un derecho general a la supresi\u00f3n, hay excepciones<\/p>\n\n\n\n<p>RESTRINGIR EL TRATAMIENTO<br>Tiene derecho a \u00abbloquear\u00bb o suprimir el uso posterior de sus datos personales. Cuando se restringe el procesamiento, a\u00fan podemos almacenar sus datos personales, pero no podemos utilizarlos m\u00e1s. Mantenemos listas de personas que han solicitado el \u00abbloqueo\u00bb del uso posterior de sus datos personales para asegurarnos de que se respete la restricci\u00f3n en el futuro<\/p>\n\n\n\n<p>PORTABILIDAD DE DATOS<br>Usted tiene derecho a obtener y reutilizar sus datos personales para sus propios fines en diferentes servicios. Por ejemplo, si decide cambiar de proveedor, esto le permite mover, copiar o transferir su informaci\u00f3n f\u00e1cilmente entre nuestros sistemas inform\u00e1ticos y los del otro proveedor de manera segura, sin que se vea afectado su uso.&nbsp;<\/p>\n\n\n\n<p>OPONERSE AL TRATAMIENTO<br>Tiene derecho a oponerse al procesamiento con fines de marketing directo (lo cual hacemos \u00fanicamente con su consentimiento) y tambi\u00e9n al procesamiento que se lleva a cabo para los fines de nuestros intereses leg\u00edtimos<\/p>\n\n\n\n<p>RETIRAR EL CONSENTIMIENTO<br>Si ha otorgado su consentimiento a lo que hacemos con sus datos personales, tiene derecho a retirarlo en cualquier momento. Esto incluye su derecho a retirar su consentimiento para que utilicemos sus datos personales con fines de marketing.<\/p>\n\n\n\n<p>CONDICIONES GENERALES DE LOS SERVICIOS DE LA MARQUESA GOLF<\/p>\n\n\n\n<p>Las presentes condiciones regulan la prestaci\u00f3n al CLIENTE&nbsp;de los servicios ofertados por La Marquesa Golf en esta Web. La contrataci\u00f3n \u00f3 reserva de cualquier servicio por parte del CLIENTE implica, en todo caso, la aceptaci\u00f3n plena y sin reservas de las presentes condiciones generales. La Marquesa Golf, se reserva el derecho a modificar las condiciones y los precios, as\u00ed como los productos y servicios ofrecidos en esta web. Al adquirir los servicios ofertados por La Marquesa Golf el usuario debe tener capacidad para contratar seg\u00fan su ley nacional. El contrato tiene por objeto la venta de productos y servicios relacionados con alojamiento, ocio y restauraci\u00f3n. Las caracter\u00edsticas de los servicios ofertados aparecen reflejadas en las p\u00e1ginas de esta web. Te ofrecemos la posibilidad de pago mediante tarjeta de cr\u00e9dito o d\u00e9bito. Nuestro sistema te ofrece la m\u00e1xima seguridad. La cumplimentaci\u00f3n de la reserva en nuestra p\u00e1gina web tiene la consideraci\u00f3n de aceptaci\u00f3n de los t\u00e9rminos del contrato, sin que en ning\u00fan caso pueda considerarse propuesta comercial.<\/p>\n\n\n\n<ul class=\"wp-block-list\">\n<li><strong>DERECHOS DE PROPIEDAD INTELECTUAL:&nbsp;<\/strong>Todos los contenidos incluidos en la Web de La Marquesa Golf est\u00e1n sujetos a derechos de propiedad intelectual e industrial de La Marquesa Golf y\/o de terceras partes proveedoras de contenidos. El acceso a dichos contenidos por parte del CLIENTE en ning\u00fan caso implica ning\u00fan tipo de renuncia, transmisi\u00f3n o cesi\u00f3n total o parcial de dichos derechos, ni confiere ning\u00fan derecho de explotaci\u00f3n comercial, reproducci\u00f3n, distribuci\u00f3n o comunicaci\u00f3n p\u00fablica sobre dichos contenidos distintos de los expresamente enunciados en estas condiciones generales, sin la previa y expresa autorizaci\u00f3n espec\u00edficamente otorgada, a tal efecto, por parte de La Marquesa Golf.<\/li>\n<\/ul>\n\n\n\n<p>Est\u00e1 estrictamente prohibido modificar, transmitir, distribuir, reutilizar, reenviar, o usar la totalidad o parte del contenido de la p\u00e1gina para prop\u00f3sitos p\u00fablicos o comerciales sin la autorizaci\u00f3n de La Marquesa Golf.<\/p>\n\n\n\n<p>La infracci\u00f3n de cualquiera de los citados derechos puede constituir una vulneraci\u00f3n de las disposiciones del RD Legislativo de la Ley de Propiedad Intelectual 1\/1996.<\/p>\n\n\n\n<ul class=\"wp-block-list\">\n<li><strong>INFORMACI\u00d3N Y CONSULTAS:&nbsp;<\/strong>Para cualquier informaci\u00f3n sobre los productos y servicios que se ofrecen en la web, as\u00ed como para comunicarnos cualquier incidencia, puede llamar al tel\u00e9fono de atenci\u00f3n al cliente + 34 966 714 258<\/li>\n\n\n\n<li><strong>ACTIVIDADES COMPLEMENTARIAS GESTIONADAS POR TERCERAS EMPRESAS:&nbsp;<\/strong>La informaci\u00f3n sobre eventos y\/o servicios gestionados o proporcionados por otras empresas independientes publicadas en la Web es a t\u00edtulo informativo.<\/li>\n<\/ul>\n\n\n\n<p>La Marquesa Golf, y sus compa\u00f1\u00edas afiliadas, asociadas, no se hacen responsables de ninguna de las actividades relacionadas u organizadas por estas empresas, incluyendo cambios o cancelaciones de dichos eventos.<\/p>\n\n\n\n<ul class=\"wp-block-list\">\n<li><strong>JURISDICCI\u00d3N Y SUMISI\u00d3N:&nbsp;<\/strong>Estas condiciones generales se rigen por la ley espa\u00f1ola. Las partes se someten, a su elecci\u00f3n, para la resoluci\u00f3n de los conflictos y con renuncia a cualquier otro fuero, a los juzgados y tribunales de la ciudad de Rojales.<\/li>\n<\/ul>\n","protected":false},"excerpt":{"rendered":"<p>En cumplimiento de lo establecido en el art\u00edculo 10 de la Ley 34\/2002, de 11 de julio, de Servicios de la Sociedad de la Informaci\u00f3n y de Comercio Electr\u00f3nico (en adelante, LSSI-CE), LA MARQUESA GOLF S.L. informa de los siguientes datos del titular del servicio:&nbsp; AVISO DE CONFIDENCIALIDAD: Por favor tome nota que toda la [&#8230;]\n","protected":false},"author":1,"featured_media":0,"parent":0,"menu_order":0,"comment_status":"closed","ping_status":"open","template":"","meta":{"footnotes":""},"class_list":["post-3","page","type-page","status-publish","hentry"],"yoast_head":"<!-- This site is optimized with the Yoast SEO plugin v26.5 - https:\/\/yoast.com\/wordpress\/plugins\/seo\/ -->\n<title>Privacy Policy - La Marquesa Golf<\/title>\n<meta name=\"robots\" content=\"index, follow, max-snippet:-1, max-image-preview:large, max-video-preview:-1\" \/>\n<link rel=\"canonical\" href=\"https:\/\/www.lamarquesagolf.es\/en\/politica-privacidad\/\" \/>\n<meta property=\"og:locale\" content=\"en_US\" \/>\n<meta property=\"og:type\" content=\"article\" \/>\n<meta property=\"og:title\" content=\"Privacy Policy - La Marquesa Golf\" \/>\n<meta property=\"og:description\" content=\"En cumplimiento de lo establecido en el art\u00edculo 10 de la Ley 34\/2002, de 11 de julio, de Servicios de la Sociedad de la Informaci\u00f3n y de Comercio Electr\u00f3nico (en adelante, LSSI-CE), LA MARQUESA GOLF S.L. informa de los siguientes datos del titular del servicio:&nbsp; AVISO DE CONFIDENCIALIDAD: Por favor tome nota que toda la [...]\" \/>\n<meta property=\"og:url\" content=\"https:\/\/www.lamarquesagolf.es\/en\/politica-privacidad\/\" \/>\n<meta property=\"og:site_name\" content=\"La Marquesa Golf\" \/>\n<meta property=\"article:modified_time\" content=\"2023-09-08T11:21:47+00:00\" \/>\n<meta name=\"twitter:card\" content=\"summary_large_image\" \/>\n<meta name=\"twitter:label1\" content=\"Est. reading time\" \/>\n\t<meta name=\"twitter:data1\" content=\"7 minutes\" \/>\n<script type=\"application\/ld+json\" class=\"yoast-schema-graph\">{\"@context\":\"https:\/\/schema.org\",\"@graph\":[{\"@type\":\"WebPage\",\"@id\":\"https:\/\/www.lamarquesagolf.es\/en\/politica-privacidad\/\",\"url\":\"https:\/\/www.lamarquesagolf.es\/en\/politica-privacidad\/\",\"name\":\"Privacy Policy - La Marquesa Golf\",\"isPartOf\":{\"@id\":\"https:\/\/www.lamarquesagolf.es\/en\/#website\"},\"datePublished\":\"2022-12-15T15:26:35+00:00\",\"dateModified\":\"2023-09-08T11:21:47+00:00\",\"breadcrumb\":{\"@id\":\"https:\/\/www.lamarquesagolf.es\/en\/politica-privacidad\/#breadcrumb\"},\"inLanguage\":\"en-US\",\"potentialAction\":[{\"@type\":\"ReadAction\",\"target\":[\"https:\/\/www.lamarquesagolf.es\/en\/politica-privacidad\/\"]}]},{\"@type\":\"BreadcrumbList\",\"@id\":\"https:\/\/www.lamarquesagolf.es\/en\/politica-privacidad\/#breadcrumb\",\"itemListElement\":[{\"@type\":\"ListItem\",\"position\":1,\"name\":\"Home\",\"item\":\"https:\/\/www.lamarquesagolf.es\/en\/\"},{\"@type\":\"ListItem\",\"position\":2,\"name\":\"Privacy Policy\"}]},{\"@type\":\"WebSite\",\"@id\":\"https:\/\/www.lamarquesagolf.es\/en\/#website\",\"url\":\"https:\/\/www.lamarquesagolf.es\/en\/\",\"name\":\"La Marquesa Golf\",\"description\":\"\",\"potentialAction\":[{\"@type\":\"SearchAction\",\"target\":{\"@type\":\"EntryPoint\",\"urlTemplate\":\"https:\/\/www.lamarquesagolf.es\/en\/?s={search_term_string}\"},\"query-input\":{\"@type\":\"PropertyValueSpecification\",\"valueRequired\":true,\"valueName\":\"search_term_string\"}}],\"inLanguage\":\"en-US\"}]}<\/script>\n<!-- \/ Yoast SEO plugin. -->","yoast_head_json":{"title":"Privacy Policy - La Marquesa Golf","robots":{"index":"index","follow":"follow","max-snippet":"max-snippet:-1","max-image-preview":"max-image-preview:large","max-video-preview":"max-video-preview:-1"},"canonical":"https:\/\/www.lamarquesagolf.es\/en\/politica-privacidad\/","og_locale":"en_US","og_type":"article","og_title":"Privacy Policy - La Marquesa Golf","og_description":"En cumplimiento de lo establecido en el art\u00edculo 10 de la Ley 34\/2002, de 11 de julio, de Servicios de la Sociedad de la Informaci\u00f3n y de Comercio Electr\u00f3nico (en adelante, LSSI-CE), LA MARQUESA GOLF S.L. informa de los siguientes datos del titular del servicio:&nbsp; AVISO DE CONFIDENCIALIDAD: Por favor tome nota que toda la [...]","og_url":"https:\/\/www.lamarquesagolf.es\/en\/politica-privacidad\/","og_site_name":"La Marquesa Golf","article_modified_time":"2023-09-08T11:21:47+00:00","twitter_card":"summary_large_image","twitter_misc":{"Est. reading time":"7 minutes"},"schema":{"@context":"https:\/\/schema.org","@graph":[{"@type":"WebPage","@id":"https:\/\/www.lamarquesagolf.es\/en\/politica-privacidad\/","url":"https:\/\/www.lamarquesagolf.es\/en\/politica-privacidad\/","name":"Privacy Policy - La Marquesa Golf","isPartOf":{"@id":"https:\/\/www.lamarquesagolf.es\/en\/#website"},"datePublished":"2022-12-15T15:26:35+00:00","dateModified":"2023-09-08T11:21:47+00:00","breadcrumb":{"@id":"https:\/\/www.lamarquesagolf.es\/en\/politica-privacidad\/#breadcrumb"},"inLanguage":"en-US","potentialAction":[{"@type":"ReadAction","target":["https:\/\/www.lamarquesagolf.es\/en\/politica-privacidad\/"]}]},{"@type":"BreadcrumbList","@id":"https:\/\/www.lamarquesagolf.es\/en\/politica-privacidad\/#breadcrumb","itemListElement":[{"@type":"ListItem","position":1,"name":"Home","item":"https:\/\/www.lamarquesagolf.es\/en\/"},{"@type":"ListItem","position":2,"name":"Privacy Policy"}]},{"@type":"WebSite","@id":"https:\/\/www.lamarquesagolf.es\/en\/#website","url":"https:\/\/www.lamarquesagolf.es\/en\/","name":"La Marquesa Golf","description":"","potentialAction":[{"@type":"SearchAction","target":{"@type":"EntryPoint","urlTemplate":"https:\/\/www.lamarquesagolf.es\/en\/?s={search_term_string}"},"query-input":{"@type":"PropertyValueSpecification","valueRequired":true,"valueName":"search_term_string"}}],"inLanguage":"en-US"}]}},"_links":{"self":[{"href":"https:\/\/www.lamarquesagolf.es\/en\/wp-json\/wp\/v2\/pages\/3","targetHints":{"allow":["GET"]}}],"collection":[{"href":"https:\/\/www.lamarquesagolf.es\/en\/wp-json\/wp\/v2\/pages"}],"about":[{"href":"https:\/\/www.lamarquesagolf.es\/en\/wp-json\/wp\/v2\/types\/page"}],"author":[{"embeddable":true,"href":"https:\/\/www.lamarquesagolf.es\/en\/wp-json\/wp\/v2\/users\/1"}],"replies":[{"embeddable":true,"href":"https:\/\/www.lamarquesagolf.es\/en\/wp-json\/wp\/v2\/comments?post=3"}],"version-history":[{"count":1,"href":"https:\/\/www.lamarquesagolf.es\/en\/wp-json\/wp\/v2\/pages\/3\/revisions"}],"predecessor-version":[{"id":949,"href":"https:\/\/www.lamarquesagolf.es\/en\/wp-json\/wp\/v2\/pages\/3\/revisions\/949"}],"wp:attachment":[{"href":"https:\/\/www.lamarquesagolf.es\/en\/wp-json\/wp\/v2\/media?parent=3"}],"curies":[{"name":"wp","href":"https:\/\/api.w.org\/{rel}","templated":true}]}}